{"id":27,"date":"2020-09-28T07:59:10","date_gmt":"2020-09-28T07:59:10","guid":{"rendered":"https:\/\/stage.hansesinocontact.com\/?page_id=27"},"modified":"2021-01-04T13:03:19","modified_gmt":"2021-01-04T12:03:19","slug":"referenzen","status":"publish","type":"page","link":"https:\/\/www.hansesinocontact.com\/de\/referenzen","title":{"rendered":"Referenzen"},"content":{"rendered":"\n<p>Zu unseren vielen zufriedenen Klienten z\u00e4hlen Organisationen auf allen Ebenen und aus vielf\u00e4ltigen Branchen &#8211; vom StartUp bis zum Blue Chip. Informationen zu unseren langj\u00e4hrigen Partnerschaften finden Sie unter\u00a0<a href=\"https:\/\/hansesinocontact.com\/de\/ueber-uns\" data-type=\"page\">\u00dcber Uns<\/a>.<\/p>\n\n\n\n<div id=\"accordions-187\" class=\"accordions-187 accordions\">\r\n                <div id=\"accordions-lazy-187\" class=\"accordions-lazy\">\r\n                    <\/div>\r\n        <script>\r\n            jQuery(window).load(function(){\r\n                jQuery('#accordions-lazy-187').fadeOut();\r\n                jQuery('#accordions-187 .items').fadeIn();\r\n            });\r\n        <\/script><style type='text\/css'>\r\n        @media only screen and (min-width: 1024px ){\r\n            #accordions-187 {\r\n                            width: 100%;\r\n                        }\r\n        }\r\n        @media only screen and ( min-width: 768px ) and ( max-width: 1023px ) {\r\n            #accordions-187 {\r\n                            width: 100%;\r\n                        }\r\n        }\r\n        @media only screen and ( min-width: 0px ) and ( max-width: 767px ){\r\n            #accordions-187 {\r\n                            width: 100%;\r\n                        }\r\n        }\r\n                    #accordions-187 .items {display: none;}\r\n            #accordions-187 .accordions-lazy {\r\n                text-align: center;\r\n                position: absolute;\r\n                top: 50%;\r\n                left: 50%;\r\n                transform: translate(-50%, -50%);\r\n            }\r\n            #accordions-187 {\r\n                            text-align: left;\r\n                                        background:#ffffff url() repeat scroll 0 0;\r\n                                    position: relative;\r\n        }\r\n        #accordions-187 .accordions-head{\r\n                    background:#1e73be none repeat scroll 0 0;\r\n                                    outline: none;\r\n        }\r\n        #accordions-187 .accordions-head-title{\r\n                            color:#ffffff;\r\n                            font-size:16px;\r\n                }\r\n        #accordions-187 .accordions-head-title-toggle{\r\n                    color:#ffffff;\r\n                            font-size:16px;\r\n                }\r\n        #accordions-187 .accordions-head:hover .accordions-head-title{\r\n                    color:#ffffff;\r\n                }\r\n        #accordions-187 .ui-state-active{\r\n                    background: #174e7f;\r\n                    border: none;\r\n        }\r\n        #accordions-187 .accordion-content{\r\n                            background:#ffffff none repeat scroll 0 0;\r\n                                                    border: none;\r\n        }\r\n        #accordions-187 .accordion-icons{\r\n                                                                    }\r\n        #accordions-187 .accordions-head:hover .accordion-icons span{\r\n                    }\r\n            <\/style>\r\n    <div class=\"items\">\r\n                        <div post_id=\"187\" itemcount=\"0\" header_id=\"header-1602510177125\" id=\"header-1602510177125\" style=\"\" class=\"accordions-head head1602510177125 border-none\" toggle-text=\"\" main-text=\"Regierungsorganisationen\">\r\n                                            <span id=\"accordion-icons-1602510177125\" class=\"accordion-icons\">\r\n                            <span class=\"accordion-icon-active accordion-plus\"><i class=\"fas fa-chevron-up\"><\/i><\/span>\r\n                            <span class=\"accordion-icon-inactive accordion-minus\"><i class=\"fas fa-chevron-right\"><\/i><\/span>\r\n                        <\/span>\r\n                        <span id=\"header-text-1602510177125\" class=\"accordions-head-title\">Regierungsorganisationen<\/span>\r\n                                        <\/div>\r\n                <div class=\"accordion-content content1602510177125 \">\r\n                    <ul>\n<li>Ausw\u00e4rtiges Amt der Bundesrepublik Deutschland<\/li>\n<li>Bundesministerium f\u00fcr Wirtschaft und Energie<\/li>\n<li>Bundesministerium f\u00fcr Bildung und Forschung<\/li>\n<li>Landeshauptstadt Magdeburg, Wirtschaftsdezernat<span class=\"Apple-converted-space\">\u00a0<\/span><\/li>\n<li>Shanghai Health Authority<span class=\"Apple-converted-space\">\u00a0<\/span><\/li>\n<li>Tianjin City Government Freetrade Zone Binhai New Area<\/li>\n<\/ul>\n                <\/div>\r\n                                <div post_id=\"187\" itemcount=\"1\" header_id=\"header-1602510214115\" id=\"header-1602510214115\" style=\"\" class=\"accordions-head head1602510214115 border-none\" toggle-text=\"\" main-text=\"Wirtschaftsf\u00f6rderung\">\r\n                                            <span id=\"accordion-icons-1602510214115\" class=\"accordion-icons\">\r\n                            <span class=\"accordion-icon-active accordion-plus\"><i class=\"fas fa-chevron-up\"><\/i><\/span>\r\n                            <span class=\"accordion-icon-inactive accordion-minus\"><i class=\"fas fa-chevron-right\"><\/i><\/span>\r\n                        <\/span>\r\n                        <span id=\"header-text-1602510214115\" class=\"accordions-head-title\">Wirtschaftsf\u00f6rderung<\/span>\r\n                                        <\/div>\r\n                <div class=\"accordion-content content1602510214115 \">\r\n                    <ul>\n<li>Berlin Partner GmbH<span class=\"Apple-converted-space\">\u00a0<\/span><\/li>\n<li>Chamber of New Energy Industry China<\/li>\n<li>Chamber of Commerce China<\/li>\n<li>German Industry and Commerce (AHK China)<\/li>\n<li>HafenCity Hamburg GmbH<span class=\"Apple-converted-space\">\u00a0<\/span><\/li>\n<li>Hafen Hamburg Marketing e.V.<span class=\"Apple-converted-space\">\u00a0<\/span><\/li>\n<li>Handelskammer Hamburg<\/li>\n<li>NRW INVEST GmbH<\/li>\n<\/ul>\n                <\/div>\r\n                                <div post_id=\"187\" itemcount=\"2\" header_id=\"header-1602510292405\" id=\"header-1602510292405\" style=\"\" class=\"accordions-head head1602510292405 border-none\" toggle-text=\"\" main-text=\"Industrie\">\r\n                                            <span id=\"accordion-icons-1602510292405\" class=\"accordion-icons\">\r\n                            <span class=\"accordion-icon-active accordion-plus\"><i class=\"fas fa-chevron-up\"><\/i><\/span>\r\n                            <span class=\"accordion-icon-inactive accordion-minus\"><i class=\"fas fa-chevron-right\"><\/i><\/span>\r\n                        <\/span>\r\n                        <span id=\"header-text-1602510292405\" class=\"accordions-head-title\">Industrie<\/span>\r\n                                        <\/div>\r\n                <div class=\"accordion-content content1602510292405 \">\r\n                    <ul>\n<li>Airbus AG<span class=\"Apple-converted-space\">\u00a0<\/span><\/li>\n<li>Audi Germany<span class=\"Apple-converted-space\">\u00a0<\/span><\/li>\n<li>Beiersdorf AG<span class=\"Apple-converted-space\">\u00a0<\/span><\/li>\n<li>BMW China<\/li>\n<li>Nordex Energy GmbH<span class=\"Apple-converted-space\">\u00a0<\/span><\/li>\n<li>VW China<\/li>\n<\/ul>\n                <\/div>\r\n                                <div post_id=\"187\" itemcount=\"3\" header_id=\"header-1602510273876\" id=\"header-1602510273876\" style=\"\" class=\"accordions-head head1602510273876 border-none\" toggle-text=\"\" main-text=\"Logistik\">\r\n                                            <span id=\"accordion-icons-1602510273876\" class=\"accordion-icons\">\r\n                            <span class=\"accordion-icon-active accordion-plus\"><i class=\"fas fa-chevron-up\"><\/i><\/span>\r\n                            <span class=\"accordion-icon-inactive accordion-minus\"><i class=\"fas fa-chevron-right\"><\/i><\/span>\r\n                        <\/span>\r\n                        <span id=\"header-text-1602510273876\" class=\"accordions-head-title\">Logistik<\/span>\r\n                                        <\/div>\r\n                <div class=\"accordion-content content1602510273876 \">\r\n                    <ul>\n<li>Agility Germany<\/li>\n<li>China Classification Society (CCS)<\/li>\n<li>China Shipping Europe GmbH<\/li>\n<li>COSCO Shipping Europe GmbH<\/li>\n<li>Hamburg Airport GmbH<\/li>\n<li>Shanghai Port Authority<\/li>\n<\/ul>\n                <\/div>\r\n                                <div post_id=\"187\" itemcount=\"4\" header_id=\"header-1602510325457\" id=\"header-1602510325457\" style=\"\" class=\"accordions-head head1602510325457 border-none\" toggle-text=\"\" main-text=\"Sport\">\r\n                                            <span id=\"accordion-icons-1602510325457\" class=\"accordion-icons\">\r\n                            <span class=\"accordion-icon-active accordion-plus\"><i class=\"fas fa-chevron-up\"><\/i><\/span>\r\n                            <span class=\"accordion-icon-inactive accordion-minus\"><i class=\"fas fa-chevron-right\"><\/i><\/span>\r\n                        <\/span>\r\n                        <span id=\"header-text-1602510325457\" class=\"accordions-head-title\">Sport<\/span>\r\n                                        <\/div>\r\n                <div class=\"accordion-content content1602510325457 \">\r\n                    <ul>\n<li>Hamburg Fussball AG (HSV)<\/li>\n<li>Heroes AG<\/li>\n<li>Hertha BSC Berlin GmbH &amp; Co. KG<\/li>\n<li>Jiushi Konzern Shanghai (Juss Sports &amp; Events)<\/li>\n<li>Lagard\u00e8re Sports Germany GmbH<\/li>\n<li>Shanghai Sharks Basketball Club<\/li>\n<li>Werder Bremen GmbH &amp; Co. KG<\/li>\n<\/ul>\n                <\/div>\r\n                                <div post_id=\"187\" itemcount=\"5\" header_id=\"header-1602510326447\" id=\"header-1602510326447\" style=\"\" class=\"accordions-head head1602510326447 border-none\" toggle-text=\"\" main-text=\"Medien\">\r\n                                            <span id=\"accordion-icons-1602510326447\" class=\"accordion-icons\">\r\n                            <span class=\"accordion-icon-active accordion-plus\"><i class=\"fas fa-chevron-up\"><\/i><\/span>\r\n                            <span class=\"accordion-icon-inactive accordion-minus\"><i class=\"fas fa-chevron-right\"><\/i><\/span>\r\n                        <\/span>\r\n                        <span id=\"header-text-1602510326447\" class=\"accordions-head-title\">Medien<\/span>\r\n                                        <\/div>\r\n                <div class=\"accordion-content content1602510326447 \">\r\n                    <ul>\n<li>Bertelsmann AG<\/li>\n<li>International Business Daily Verlag des Chinesischen Wirtschaftsministeriums<\/li>\n<li>Jahreszeiten Verlag der Ganske Verlagsgruppe<\/li>\n<\/ul>\n                <\/div>\r\n                                <div post_id=\"187\" itemcount=\"6\" header_id=\"header-1602510323939\" id=\"header-1602510323939\" style=\"\" class=\"accordions-head head1602510323939 border-none\" toggle-text=\"\" main-text=\"Professional Services \/ Consulting\">\r\n                                            <span id=\"accordion-icons-1602510323939\" class=\"accordion-icons\">\r\n                            <span class=\"accordion-icon-active accordion-plus\"><i class=\"fas fa-chevron-up\"><\/i><\/span>\r\n                            <span class=\"accordion-icon-inactive accordion-minus\"><i class=\"fas fa-chevron-right\"><\/i><\/span>\r\n                        <\/span>\r\n                        <span id=\"header-text-1602510323939\" class=\"accordions-head-title\">Professional Services \/ Consulting<\/span>\r\n                                        <\/div>\r\n                <div class=\"accordion-content content1602510323939 \">\r\n                    <ul>\n<li>BDO Deutsche Warentreuhand AG<\/li>\n<li>BEW - Bildungszentrum f\u00fcr Ver- u. Entsorgungswirtschaft GmbH (Umweltministerium NRW)<\/li>\n<li>CMS Hasche Sigle<\/li>\n<li>D.I.E. Werbefilm GmbH<\/li>\n<li>Ernst &amp; Young AG<\/li>\n<li>Lingohr &amp; Partner Asset Management GmbH<span class=\"Apple-converted-space\">\u00a0<\/span><\/li>\n<li>RSM Germany GmbH<\/li>\n<li>Scholz &amp; Friends GmbH<\/li>\n<\/ul>\n                <\/div>\r\n                                <div post_id=\"187\" itemcount=\"7\" header_id=\"header-1602510323185\" id=\"header-1602510323185\" style=\"\" class=\"accordions-head head1602510323185 border-none\" toggle-text=\"\" main-text=\"Messewirtschaft\">\r\n                                            <span id=\"accordion-icons-1602510323185\" class=\"accordion-icons\">\r\n                            <span class=\"accordion-icon-active accordion-plus\"><i class=\"fas fa-chevron-up\"><\/i><\/span>\r\n                            <span class=\"accordion-icon-inactive accordion-minus\"><i class=\"fas fa-chevron-right\"><\/i><\/span>\r\n                        <\/span>\r\n                        <span id=\"header-text-1602510323185\" class=\"accordions-head-title\">Messewirtschaft<\/span>\r\n                                        <\/div>\r\n                <div class=\"accordion-content content1602510323185 \">\r\n                    <ul>\n<li>Deutsche Messe GmbH<span class=\"Apple-converted-space\">\u00a0<\/span><\/li>\n<li>Messe Cologne<span class=\"Apple-converted-space\">\u00a0 <\/span>Exhibition GmbH<\/li>\n<li>Messe Frankfurt Exhibition GmbH<\/li>\n<\/ul>\n                <\/div>\r\n                                <div post_id=\"187\" itemcount=\"8\" header_id=\"header-1602510324704\" id=\"header-1602510324704\" style=\"\" class=\"accordions-head head1602510324704 border-none\" toggle-text=\"\" main-text=\"Technologien\">\r\n                                            <span id=\"accordion-icons-1602510324704\" class=\"accordion-icons\">\r\n                            <span class=\"accordion-icon-active accordion-plus\"><i class=\"fas fa-chevron-up\"><\/i><\/span>\r\n                            <span class=\"accordion-icon-inactive accordion-minus\"><i class=\"fas fa-chevron-right\"><\/i><\/span>\r\n                        <\/span>\r\n                        <span id=\"header-text-1602510324704\" class=\"accordions-head-title\">Technologien<\/span>\r\n                                        <\/div>\r\n                <div class=\"accordion-content content1602510324704 \">\r\n                    <ul>\n<li>Desiretec Technologie GmbH<\/li>\n<li>Keeeb GmbH<\/li>\n<li>KickID League GmbH<span class=\"Apple-converted-space\">\u00a0<\/span><\/li>\n<li>MioSoft GmbH<\/li>\n<li>Noah Electronic Solutions Ltd<\/li>\n<\/ul>\n                <\/div>\r\n                                <div post_id=\"187\" itemcount=\"9\" header_id=\"header-1602510242578\" id=\"header-1602510242578\" style=\"\" class=\"accordions-head head1602510242578 border-none\" toggle-text=\"\" main-text=\"NGOs\">\r\n                                            <span id=\"accordion-icons-1602510242578\" class=\"accordion-icons\">\r\n                            <span class=\"accordion-icon-active accordion-plus\"><i class=\"fas fa-chevron-up\"><\/i><\/span>\r\n                            <span class=\"accordion-icon-inactive accordion-minus\"><i class=\"fas fa-chevron-right\"><\/i><\/span>\r\n                        <\/span>\r\n                        <span id=\"header-text-1602510242578\" class=\"accordions-head-title\">NGOs<\/span>\r\n                                        <\/div>\r\n                <div class=\"accordion-content content1602510242578 \">\r\n                    <ul>\n<li>Deutsch-Chinesischer Wirtschafts- und Kultur-Freundschaftsverein e.V.<\/li>\n<li>Shanghai Government People's Association for Friendship with Foreign Countries<span class=\"Apple-converted-space\">\u00a0<\/span><\/li>\n<li>Shanghai Juvenile Welfare Foundation<\/li>\n<li>Zhongshan New Energy Association<\/li>\n<\/ul>\n                <\/div>\r\n                                <div post_id=\"187\" itemcount=\"10\" header_id=\"header-1602524043187\" id=\"header-1602524043187\" style=\"\" class=\"accordions-head head1602524043187 border-none\" toggle-text=\"\" main-text=\"Versicherungswesen\">\r\n                                            <span id=\"accordion-icons-1602524043187\" class=\"accordion-icons\">\r\n                            <span class=\"accordion-icon-active accordion-plus\"><i class=\"fas fa-chevron-up\"><\/i><\/span>\r\n                            <span class=\"accordion-icon-inactive accordion-minus\"><i class=\"fas fa-chevron-right\"><\/i><\/span>\r\n                        <\/span>\r\n                        <span id=\"header-text-1602524043187\" class=\"accordions-head-title\">Versicherungswesen<\/span>\r\n                                        <\/div>\r\n                <div class=\"accordion-content content1602524043187 \">\r\n                    <ul>\n<li>Munich Reinsurance<\/li>\n<\/ul>\n                <\/div>\r\n                    <\/div>\r\n    <script>\r\n        jQuery(document).ready(function($){accordions_active_index_187 = [];        })\r\n    <\/script>    <script>\r\n        jQuery(document).ready(function($){\r\n            accordion_187  = $(\"#accordions-187 .items\").accordion({\r\n                event: \"click\",\r\n                collapsible:true,\r\n                heightStyle: \"content\",\r\n                animate: (\"swing\", 1000),\r\n                navigation: true,\r\n                active: 999,\r\n                            });\r\n        })\r\n    <\/script>\r\n                <\/div>\n","protected":false},"excerpt":{"rendered":"<p>Zu unseren vielen zufriedenen Klienten z\u00e4hlen Organisationen auf allen Ebenen und aus vielf\u00e4ltigen Branchen &#8211; vom StartUp bis zum Blue Chip. Informationen zu unseren langj\u00e4hrigen Partnerschaften finden Sie unter\u00a0\u00dcber Uns.<\/p>\n","protected":false},"author":1,"featured_media":0,"parent":0,"menu_order":0,"comment_status":"closed","ping_status":"closed","template":"","meta":[],"translation":{"provider":"WPGlobus","version":"2.6.0","language":"de","enabled_languages":["en","de"],"languages":{"en":{"title":true,"content":true,"excerpt":false},"de":{"title":true,"content":true,"excerpt":false}}},"_links":{"self":[{"href":"https:\/\/www.hansesinocontact.com\/de\/wp-json\/wp\/v2\/pages\/27"}],"collection":[{"href":"https:\/\/www.hansesinocontact.com\/de\/wp-json\/wp\/v2\/pages"}],"about":[{"href":"https:\/\/www.hansesinocontact.com\/de\/wp-json\/wp\/v2\/types\/page"}],"author":[{"embeddable":true,"href":"https:\/\/www.hansesinocontact.com\/de\/wp-json\/wp\/v2\/users\/1"}],"replies":[{"embeddable":true,"href":"https:\/\/www.hansesinocontact.com\/de\/wp-json\/wp\/v2\/comments?post=27"}],"version-history":[{"count":14,"href":"https:\/\/www.hansesinocontact.com\/de\/wp-json\/wp\/v2\/pages\/27\/revisions"}],"predecessor-version":[{"id":267,"href":"https:\/\/www.hansesinocontact.com\/de\/wp-json\/wp\/v2\/pages\/27\/revisions\/267"}],"wp:attachment":[{"href":"https:\/\/www.hansesinocontact.com\/de\/wp-json\/wp\/v2\/media?parent=27"}],"curies":[{"name":"wp","href":"https:\/\/api.w.org\/{rel}","templated":true}]}}