{"id":23,"date":"2020-09-28T07:55:58","date_gmt":"2020-09-28T07:55:58","guid":{"rendered":"https:\/\/stage.hansesinocontact.com\/?page_id=23"},"modified":"2020-12-26T09:21:34","modified_gmt":"2020-12-26T08:21:34","slug":"willkommen","status":"publish","type":"page","link":"https:\/\/www.hansesinocontact.com\/de\/","title":{"rendered":"Leistungen"},"content":{"rendered":"\n<p>Als hochspezialisierte Boutique Consultancy vernetzen wir Wirtschaft, Forschung und Politik und schaffen so neue M\u00f6glichkeiten f\u00fcr die erfolgreiche Nutzung von Synergien. Dies leisten wir vorwiegend f\u00fcr Partner aus der Bundesrepublik Deutschland und der Volksrepublik China einschlie\u00dflich ihrer Sonderwirtschaftszonen.&nbsp;<\/p>\n\n\n\n<p>Durch \u00fcber ein Jahrzehnt erfolgreicher Beratung und unser weitreichendes Netzwerk haben wir ein einzigartiges Kompetenzprofil entwickelt und sehen uns als Katalysatoren von Innovationen. Wir unterst\u00fctzen Sie durch strategische Beratung und ganzheitliche Umsetzung in den Bereichen:<\/p>\n\n\n\n<ul><li>Analyse und Konzeption<\/li><li>Gesch\u00e4fts- und Projektentwicklung&nbsp;<\/li><li>\u00d6ffentlichkeits- und Medienarbeit<\/li><li>Politisches Lobbying<\/li><li>Interkulturelles Training <\/li><\/ul>\n\n\n\n<p>Dabei ist es uns wichtig, nicht nur eine nachhaltige Zusammenarbeit zu erm\u00f6glichen, sondern diese auch f\u00fcr die Zukunft zu pflegen. Zu unseren langj\u00e4hrigen Klienten geh\u00f6ren regierungseigene, wirtschaftliche Institutionen genauso wie Unternehmen &#8211; von StartUps bis zu DAX Konzernen.<\/p>\n\n\n\n<p>Wir w\u00fcrden uns freuen, auch Sie bald zu unseren zufriedenen Klienten zu z\u00e4hlen. Sprechen Sie uns an!<\/p>\n","protected":false},"excerpt":{"rendered":"<p>Als hochspezialisierte Boutique Consultancy vernetzen wir Wirtschaft, Forschung und Politik und schaffen so neue M\u00f6glichkeiten f\u00fcr die erfolgreiche Nutzung von Synergien. Dies leisten wir vorwiegend f\u00fcr Partner aus der Bundesrepublik Deutschland und der Volksrepublik China einschlie\u00dflich ihrer Sonderwirtschaftszonen.&nbsp; Durch \u00fcber ein Jahrzehnt erfolgreicher Beratung und unser weitreichendes Netzwerk haben wir ein einzigartiges Kompetenzprofil entwickelt und [&hellip;]<\/p>\n","protected":false},"author":1,"featured_media":0,"parent":0,"menu_order":0,"comment_status":"closed","ping_status":"closed","template":"templates\/template-full.php","meta":[],"translation":{"provider":"WPGlobus","version":"2.6.0","language":"de","enabled_languages":["en","de"],"languages":{"en":{"title":true,"content":true,"excerpt":false},"de":{"title":true,"content":true,"excerpt":false}}},"_links":{"self":[{"href":"https:\/\/www.hansesinocontact.com\/de\/wp-json\/wp\/v2\/pages\/23"}],"collection":[{"href":"https:\/\/www.hansesinocontact.com\/de\/wp-json\/wp\/v2\/pages"}],"about":[{"href":"https:\/\/www.hansesinocontact.com\/de\/wp-json\/wp\/v2\/types\/page"}],"author":[{"embeddable":true,"href":"https:\/\/www.hansesinocontact.com\/de\/wp-json\/wp\/v2\/users\/1"}],"replies":[{"embeddable":true,"href":"https:\/\/www.hansesinocontact.com\/de\/wp-json\/wp\/v2\/comments?post=23"}],"version-history":[{"count":17,"href":"https:\/\/www.hansesinocontact.com\/de\/wp-json\/wp\/v2\/pages\/23\/revisions"}],"predecessor-version":[{"id":232,"href":"https:\/\/www.hansesinocontact.com\/de\/wp-json\/wp\/v2\/pages\/23\/revisions\/232"}],"wp:attachment":[{"href":"https:\/\/www.hansesinocontact.com\/de\/wp-json\/wp\/v2\/media?parent=23"}],"curies":[{"name":"wp","href":"https:\/\/api.w.org\/{rel}","templated":true}]}}