{"id":21,"date":"2020-09-28T07:55:27","date_gmt":"2020-09-28T07:55:27","guid":{"rendered":"https:\/\/stage.hansesinocontact.com\/?page_id=21"},"modified":"2020-12-26T09:28:31","modified_gmt":"2020-12-26T08:28:31","slug":"business-relations","status":"publish","type":"page","link":"https:\/\/www.hansesinocontact.com\/de\/business-relations","title":{"rendered":"Business Relations"},"content":{"rendered":"\n<p>Chancen erkennen und Chancen nutzen sind die Grundlagen Ihres Erfolges &#8211; das gilt selbstverst\u00e4ndlich auch f\u00fcr China. Wir haben einen gesch\u00e4rften Blick daf\u00fcr, was m\u00f6glich ist und wie es erreicht werden kann. Ihre gesch\u00e4ftliche Entwicklung begleiten wir von der Analyse \u00fcber die Konzeption bis hin zur Umsetzung und Pflege.<\/p>\n\n\n\n<p>Unsere Sicht ist dabei nicht rein vertrieblich, sondern ganzheitlich auf die Synergien durch Gesch\u00e4fte und Kooperationen mit China gerichtet. In einem kontinuierlichen Prozess begleiten wir Sie daher auch im gesch\u00e4ftlichen Alltag. Sie d\u00fcrfen dabei von uns Kreativit\u00e4t und neue Denkans\u00e4tze erwarten &#8211; auch um den manchmal unerwarteten Herausforderungen in China stets gewachsen zu sein.<\/p>\n\n\n\n<p>Schwerpunkte unserer Leistung sind neben dem klassischen Business Development das Standortmarketing, Sport- und Handelsbeziehungen sowie Forschungskooperationen und Technologietransfer. Gerne nennen wir Ihnen Referenzen, die unseren langj\u00e4hrigen Erfolg in diesen Aufgabenfeldern belegen.<\/p>\n","protected":false},"excerpt":{"rendered":"<p>Chancen erkennen und Chancen nutzen sind die Grundlagen Ihres Erfolges &#8211; das gilt selbstverst\u00e4ndlich auch f\u00fcr China. Wir haben einen gesch\u00e4rften Blick daf\u00fcr, was m\u00f6glich ist und wie es erreicht werden kann. Ihre gesch\u00e4ftliche Entwicklung begleiten wir von der Analyse \u00fcber die Konzeption bis hin zur Umsetzung und Pflege. Unsere Sicht ist dabei nicht rein [&hellip;]<\/p>\n","protected":false},"author":1,"featured_media":0,"parent":0,"menu_order":0,"comment_status":"closed","ping_status":"closed","template":"templates\/template-full.php","meta":[],"translation":{"provider":"WPGlobus","version":"2.6.0","language":"de","enabled_languages":["en","de"],"languages":{"en":{"title":true,"content":true,"excerpt":false},"de":{"title":true,"content":true,"excerpt":false}}},"_links":{"self":[{"href":"https:\/\/www.hansesinocontact.com\/de\/wp-json\/wp\/v2\/pages\/21"}],"collection":[{"href":"https:\/\/www.hansesinocontact.com\/de\/wp-json\/wp\/v2\/pages"}],"about":[{"href":"https:\/\/www.hansesinocontact.com\/de\/wp-json\/wp\/v2\/types\/page"}],"author":[{"embeddable":true,"href":"https:\/\/www.hansesinocontact.com\/de\/wp-json\/wp\/v2\/users\/1"}],"replies":[{"embeddable":true,"href":"https:\/\/www.hansesinocontact.com\/de\/wp-json\/wp\/v2\/comments?post=21"}],"version-history":[{"count":3,"href":"https:\/\/www.hansesinocontact.com\/de\/wp-json\/wp\/v2\/pages\/21\/revisions"}],"predecessor-version":[{"id":234,"href":"https:\/\/www.hansesinocontact.com\/de\/wp-json\/wp\/v2\/pages\/21\/revisions\/234"}],"wp:attachment":[{"href":"https:\/\/www.hansesinocontact.com\/de\/wp-json\/wp\/v2\/media?parent=21"}],"curies":[{"name":"wp","href":"https:\/\/api.w.org\/{rel}","templated":true}]}}