{"id":19,"date":"2020-09-28T07:54:55","date_gmt":"2020-09-28T07:54:55","guid":{"rendered":"https:\/\/stage.hansesinocontact.com\/?page_id=19"},"modified":"2020-12-26T09:29:48","modified_gmt":"2020-12-26T08:29:48","slug":"government-relations","status":"publish","type":"page","link":"https:\/\/www.hansesinocontact.com\/de\/government-relations","title":{"rendered":"Government Relations"},"content":{"rendered":"\n<p>Das Verh\u00e4ltnis zwischen Wirtschaft und Politik unterscheidet sich in China grunds\u00e4tzlich von dem Verst\u00e4ndnis in Deutschland. In China sitzen die Partei und die Regierung in verschiedenen Rollen immer mit am Tisch. Dieser gro\u00dfe Einfluss des Staates macht gute Beziehungen zu den Entscheidern in der lokalen und zentralen Administration unerl\u00e4sslich.<\/p>\n\n\n\n<p>F\u00fcr Aussenstehende in diesen parallelen Strukturen von Wirtschaft und Politik ist nicht immer offensichtlich, wer die tats\u00e4chlichen Entscheider sind. Durch unsere langj\u00e4hrigen Beziehungen zu China kennen wir meist die Schl\u00fcsselpersonen, viele davon pers\u00f6nlich. Dieses gewachsene gegenseitige Vertrauen erm\u00f6glicht es, m\u00f6glicherweise \u00fcberst\u00fcrzte Vorhaben zu erkennen und Ihre Projekte zielf\u00fchrend politisch zu flankieren.<\/p>\n\n\n\n<p>Durch unsere klare Spezialisierung sind wir f\u00e4hig, Konflikte zu vermeiden und Missverst\u00e4ndnissen vorzubeugen. Wir ber\u00fccksichtigen dabei alle kulturellen und politischen Erfolgsfaktoren und schaffen so erfolgreiche Kooperationen aus unserem Netzwerk heraus.<\/p>\n","protected":false},"excerpt":{"rendered":"<p>Das Verh\u00e4ltnis zwischen Wirtschaft und Politik unterscheidet sich in China grunds\u00e4tzlich von dem Verst\u00e4ndnis in Deutschland. In China sitzen die Partei und die Regierung in verschiedenen Rollen immer mit am Tisch. Dieser gro\u00dfe Einfluss des Staates macht gute Beziehungen zu den Entscheidern in der lokalen und zentralen Administration unerl\u00e4sslich. F\u00fcr Aussenstehende in diesen parallelen Strukturen [&hellip;]<\/p>\n","protected":false},"author":1,"featured_media":0,"parent":0,"menu_order":0,"comment_status":"closed","ping_status":"closed","template":"templates\/template-full.php","meta":[],"translation":{"provider":"WPGlobus","version":"2.6.0","language":"de","enabled_languages":["en","de"],"languages":{"en":{"title":true,"content":true,"excerpt":false},"de":{"title":true,"content":true,"excerpt":false}}},"_links":{"self":[{"href":"https:\/\/www.hansesinocontact.com\/de\/wp-json\/wp\/v2\/pages\/19"}],"collection":[{"href":"https:\/\/www.hansesinocontact.com\/de\/wp-json\/wp\/v2\/pages"}],"about":[{"href":"https:\/\/www.hansesinocontact.com\/de\/wp-json\/wp\/v2\/types\/page"}],"author":[{"embeddable":true,"href":"https:\/\/www.hansesinocontact.com\/de\/wp-json\/wp\/v2\/users\/1"}],"replies":[{"embeddable":true,"href":"https:\/\/www.hansesinocontact.com\/de\/wp-json\/wp\/v2\/comments?post=19"}],"version-history":[{"count":4,"href":"https:\/\/www.hansesinocontact.com\/de\/wp-json\/wp\/v2\/pages\/19\/revisions"}],"predecessor-version":[{"id":236,"href":"https:\/\/www.hansesinocontact.com\/de\/wp-json\/wp\/v2\/pages\/19\/revisions\/236"}],"wp:attachment":[{"href":"https:\/\/www.hansesinocontact.com\/de\/wp-json\/wp\/v2\/media?parent=19"}],"curies":[{"name":"wp","href":"https:\/\/api.w.org\/{rel}","templated":true}]}}