{"id":15,"date":"2020-09-28T07:53:35","date_gmt":"2020-09-28T07:53:35","guid":{"rendered":"https:\/\/stage.hansesinocontact.com\/?page_id=15"},"modified":"2021-01-04T13:02:16","modified_gmt":"2021-01-04T12:02:16","slug":"interkulturelle-kompetenz","status":"publish","type":"page","link":"https:\/\/www.hansesinocontact.com\/de\/interkulturelle-kompetenz","title":{"rendered":"Interkulturelle Kompetenz"},"content":{"rendered":"\n<p>In einer globalisierten Welt ist interkulturelle Kompetenz ein wesentlicher Erfolgsfaktor f\u00fcr das wirtschaftliche und politische Handeln. Die Unterschiede beschr\u00e4nken sich dabei nicht nur auf Symbolik, K\u00f6rpersprache und Etikette. Die durch den kulturellen Unterschied entstandenen Nuancen haben erhebliche Auswirkung auf den Erfolg von Kommunikation.<\/p>\n\n\n\n<p>Durch die fortschreitende \u00d6ffnung von China sind sich viele Chinesen der Unterschiede v\u00f6llig bewu\u00dft, und werden umso mehr ihre westlichen Gespr\u00e4chspartner wertsch\u00e4tzen, wenn diese durch ihre Kenntnisse \u00fcber China und dessen Kultur ihren Respekt zeigen.<\/p>\n\n\n\n<p>Auch in China gilt: Je n\u00e4her Sie einem Abschluss kommen, umso wahrscheinlicher wird es, dass die Verhandlungen auf h\u00f6herer Ebene zu Ende gef\u00fchrt werden. Hier spielt die \u201eChemie\u201c f\u00fcr das gegenseitige Vertrauen eine wichtige Rolle. Wir helfen F\u00fchrungskr\u00e4ften der obersten Ebene, sich in die Traditionen und Kultur Chinas einzuf\u00fchlen und interkulturelle Kompetenz zu erwerben. Selbstverst\u00e4ndlich leisten wir dies f\u00fcr Sie unter v\u00f6lliger Diskretion.<\/p>\n","protected":false},"excerpt":{"rendered":"<p>In einer globalisierten Welt ist interkulturelle Kompetenz ein wesentlicher Erfolgsfaktor f\u00fcr das wirtschaftliche und politische Handeln. Die Unterschiede beschr\u00e4nken sich dabei nicht nur auf Symbolik, K\u00f6rpersprache und Etikette. Die durch den kulturellen Unterschied entstandenen Nuancen haben erhebliche Auswirkung auf den Erfolg von Kommunikation. Durch die fortschreitende \u00d6ffnung von China sind sich viele Chinesen der Unterschiede [&hellip;]<\/p>\n","protected":false},"author":1,"featured_media":0,"parent":0,"menu_order":0,"comment_status":"closed","ping_status":"closed","template":"templates\/template-full.php","meta":[],"translation":{"provider":"WPGlobus","version":"2.6.0","language":"de","enabled_languages":["en","de"],"languages":{"en":{"title":true,"content":true,"excerpt":false},"de":{"title":true,"content":true,"excerpt":false}}},"_links":{"self":[{"href":"https:\/\/www.hansesinocontact.com\/de\/wp-json\/wp\/v2\/pages\/15"}],"collection":[{"href":"https:\/\/www.hansesinocontact.com\/de\/wp-json\/wp\/v2\/pages"}],"about":[{"href":"https:\/\/www.hansesinocontact.com\/de\/wp-json\/wp\/v2\/types\/page"}],"author":[{"embeddable":true,"href":"https:\/\/www.hansesinocontact.com\/de\/wp-json\/wp\/v2\/users\/1"}],"replies":[{"embeddable":true,"href":"https:\/\/www.hansesinocontact.com\/de\/wp-json\/wp\/v2\/comments?post=15"}],"version-history":[{"count":6,"href":"https:\/\/www.hansesinocontact.com\/de\/wp-json\/wp\/v2\/pages\/15\/revisions"}],"predecessor-version":[{"id":266,"href":"https:\/\/www.hansesinocontact.com\/de\/wp-json\/wp\/v2\/pages\/15\/revisions\/266"}],"wp:attachment":[{"href":"https:\/\/www.hansesinocontact.com\/de\/wp-json\/wp\/v2\/media?parent=15"}],"curies":[{"name":"wp","href":"https:\/\/api.w.org\/{rel}","templated":true}]}}